{"id":10,"date":"2023-03-05T18:21:45","date_gmt":"2023-03-05T17:21:45","guid":{"rendered":"http:\/\/dwormnich.com\/?page_id=10"},"modified":"2023-03-22T12:01:32","modified_gmt":"2023-03-22T11:01:32","slug":"teren-i-mapy","status":"publish","type":"page","link":"https:\/\/dwormnich.com\/?page_id=10","title":{"rendered":"Teren i mapy"},"content":{"rendered":"\n<p class=\"has-medium-font-size\">\u0141\u0105czna powierzchnia terenu to 3,8486 ha.<br>Teren sk\u0142ada si\u0119 z dzia\u0142ki nr. 43\/1 o powierzchni 3,5386 ha oraz z dzia\u0142ki nr. 222 o powierzchni 0,3100 ha.<\/p>\n\n\n\n<p class=\"has-medium-font-size\">Decyzj\u0105 numer \u0141\u00d3D.WKUR.510.114.2019.RM.2 z dnia 04 Marca 2019 Krajowy O\u015brodek Wsparcia Rolnictwa Wydzia\u0142 Kszta\u0142towania Ustroju Rolnego i Gospodarowania Zasobem w \u0141odzi orzek\u0142, \u017ce do przeniesienia praw w\u0142asno\u015bci dzia\u0142ki 43\/1 nie maj\u0105 zastosowania przepisy ustawy o kszta\u0142towaniu ustroju rolnego, gdy\u017c dzia\u0142ka 43\/1 nie jest nieruchomo\u015bci\u0105 roln\u0105.<\/p>\n\n\n\n<p class=\"has-medium-font-size\">Nie trzeba by\u0107 rolnikiem \u017ceby t\u0119 nieruchomo\u015b\u0107 naby\u0107.<\/p>\n\n\n\n<p class=\"has-text-align-left has-medium-font-size\"><strong>DECYZJA O ZMIANIE KLASYFIKACJI GRUNTU:<\/strong><\/p>\n\n\n\n<div class=\"wp-block-file\"><a id=\"wp-block-file--media-7dfb785e-5b32-438d-8ff0-e1ab77ad7bfe\" href=\"http:\/\/dwormnich.com\/wp-content\/uploads\/2023\/03\/1_decyzja-o-zmianie-klasyfikacji-gruntu-03.03.2021-1.pdf\" target=\"_blank\" rel=\"noreferrer noopener\"><img loading=\"lazy\" decoding=\"async\" width=\"200\" height=\"218\" class=\"wp-image-747\" style=\"width: 200px;\" src=\"http:\/\/dwormnich.com\/wp-content\/uploads\/2023\/03\/obraz_2023-03-20_133726560.png\" alt=\"\" srcset=\"https:\/\/dwormnich.com\/wp-content\/uploads\/2023\/03\/obraz_2023-03-20_133726560.png 785w, https:\/\/dwormnich.com\/wp-content\/uploads\/2023\/03\/obraz_2023-03-20_133726560-275x300.png 275w, https:\/\/dwormnich.com\/wp-content\/uploads\/2023\/03\/obraz_2023-03-20_133726560-768x837.png 768w\" sizes=\"auto, (max-width: 200px) 100vw, 200px\" \/><\/a><\/div>\n\n\n\n<p class=\"has-medium-font-size\"><strong>MAPA DO CELOW PROJEKTOWYCH:<\/strong><\/p>\n\n\n\n<div class=\"wp-block-file <center&gt;<\/center&gt;\"><a id=\"wp-block-file--media-46f24564-954b-4940-bf2e-0ef9ed1a1eb5\" href=\"http:\/\/dwormnich.com\/wp-content\/uploads\/2023\/03\/MAPA-DO-CELOW-PROJEKTOWYCH.pdf\" target=\"_blank\" rel=\"noreferrer noopener\"><img loading=\"lazy\" decoding=\"async\" width=\"150\" height=\"84\" class=\"wp-image-251\" style=\"width: 150px;\" src=\"http:\/\/dwormnich.com\/wp-content\/uploads\/2023\/03\/obraz_2023-03-08_192551174.png\" alt=\"\" srcset=\"https:\/\/dwormnich.com\/wp-content\/uploads\/2023\/03\/obraz_2023-03-08_192551174.png 1391w, https:\/\/dwormnich.com\/wp-content\/uploads\/2023\/03\/obraz_2023-03-08_192551174-300x168.png 300w, https:\/\/dwormnich.com\/wp-content\/uploads\/2023\/03\/obraz_2023-03-08_192551174-1024x573.png 1024w, https:\/\/dwormnich.com\/wp-content\/uploads\/2023\/03\/obraz_2023-03-08_192551174-768x430.png 768w\" sizes=\"auto, (max-width: 150px) 100vw, 150px\" \/><\/a><\/div>\n\n\n\n<p class=\"has-medium-font-size\"><strong>MAPA Z WYZNACZENIEM GRANIC:<\/strong><\/p>\n\n\n\n<div class=\"wp-block-file\"><a id=\"wp-block-file--media-6d1a2cdc-9b44-4542-93ef-4e71d5234e2e\" href=\"http:\/\/dwormnich.com\/wp-content\/uploads\/2023\/03\/MAPA-Z-WYZNACZENIEM-GRANIC-1.pdf\" target=\"_blank\" rel=\"noreferrer noopener\"><img loading=\"lazy\" decoding=\"async\" width=\"150\" height=\"105\" class=\"wp-image-253\" style=\"width: 150px;\" src=\"http:\/\/dwormnich.com\/wp-content\/uploads\/2023\/03\/obraz_2023-03-08_192838294.png\" alt=\"\" srcset=\"https:\/\/dwormnich.com\/wp-content\/uploads\/2023\/03\/obraz_2023-03-08_192838294.png 1140w, https:\/\/dwormnich.com\/wp-content\/uploads\/2023\/03\/obraz_2023-03-08_192838294-300x211.png 300w, https:\/\/dwormnich.com\/wp-content\/uploads\/2023\/03\/obraz_2023-03-08_192838294-1024x719.png 1024w, https:\/\/dwormnich.com\/wp-content\/uploads\/2023\/03\/obraz_2023-03-08_192838294-768x539.png 768w\" sizes=\"auto, (max-width: 150px) 100vw, 150px\" \/><\/a><\/div>\n\n\n\n<div class=\"wp-block-columns has-small-font-size is-layout-flex wp-container-core-columns-is-layout-9fa7167c wp-block-columns-is-layout-flex\" style=\"border-style:none;border-width:0px;padding-top:0;padding-right:0;padding-bottom:0\"><\/div>\n","protected":false},"excerpt":{"rendered":"<p>\u0141\u0105czna powierzchnia terenu to 3,8486 ha.Teren sk\u0142ada si\u0119 z dzia\u0142ki nr. 43\/1 o powierzchni 3,5386 ha oraz z dzia\u0142ki nr. 222 o powierzchni 0,3100 ha. Decyzj\u0105 numer \u0141\u00d3D.WKUR.510.114.2019.RM.2 z dnia 04 Marca 2019 Krajowy O\u015brodek Wsparcia Rolnictwa Wydzia\u0142 Kszta\u0142towania Ustroju Rolnego i Gospodarowania Zasobem w \u0141odzi orzek\u0142, \u017ce do przeniesienia praw w\u0142asno\u015bci dzia\u0142ki 43\/1 nie &hellip;<\/p>\n<p class=\"read-more\"> <a class=\"\" href=\"https:\/\/dwormnich.com\/?page_id=10\"> <span class=\"screen-reader-text\">Teren i mapy<\/span> Read More &raquo;<\/a><\/p>\n","protected":false},"author":1,"featured_media":0,"parent":0,"menu_order":1,"comment_status":"closed","ping_status":"closed","template":"","meta":{"site-sidebar-layout":"default","site-content-layout":"default","ast-global-header-display":"","ast-main-header-display":"","ast-hfb-above-header-display":"","ast-hfb-below-header-display":"","ast-hfb-mobile-header-display":"","site-post-title":"","ast-breadcrumbs-content":"","ast-featured-img":"","footer-sml-layout":"","theme-transparent-header-meta":"","adv-header-id-meta":"","stick-header-meta":"","header-above-stick-meta":"","header-main-stick-meta":"","header-below-stick-meta":"","footnotes":""},"class_list":["post-10","page","type-page","status-publish","hentry"],"_links":{"self":[{"href":"https:\/\/dwormnich.com\/index.php?rest_route=\/wp\/v2\/pages\/10","targetHints":{"allow":["GET"]}}],"collection":[{"href":"https:\/\/dwormnich.com\/index.php?rest_route=\/wp\/v2\/pages"}],"about":[{"href":"https:\/\/dwormnich.com\/index.php?rest_route=\/wp\/v2\/types\/page"}],"author":[{"embeddable":true,"href":"https:\/\/dwormnich.com\/index.php?rest_route=\/wp\/v2\/users\/1"}],"replies":[{"embeddable":true,"href":"https:\/\/dwormnich.com\/index.php?rest_route=%2Fwp%2Fv2%2Fcomments&post=10"}],"version-history":[{"count":36,"href":"https:\/\/dwormnich.com\/index.php?rest_route=\/wp\/v2\/pages\/10\/revisions"}],"predecessor-version":[{"id":769,"href":"https:\/\/dwormnich.com\/index.php?rest_route=\/wp\/v2\/pages\/10\/revisions\/769"}],"wp:attachment":[{"href":"https:\/\/dwormnich.com\/index.php?rest_route=%2Fwp%2Fv2%2Fmedia&parent=10"}],"curies":[{"name":"wp","href":"https:\/\/api.w.org\/{rel}","templated":true}]}}