{"id":12,"date":"2023-03-05T18:21:54","date_gmt":"2023-03-05T17:21:54","guid":{"rendered":"http:\/\/dwormnich.com\/?page_id=12"},"modified":"2023-03-17T14:16:26","modified_gmt":"2023-03-17T13:16:26","slug":"media","status":"publish","type":"page","link":"https:\/\/dwormnich.com\/?page_id=12","title":{"rendered":"Media"},"content":{"rendered":"\n<p class=\"has-medium-font-size\">W roku 2020 wykonane zosta\u0142y dwa nowe przy\u0142\u0105cza energetyczne i wodne.<br>Nowe przy\u0142\u0105cze energetyczne pozwoli\u0142o na usuni\u0119cie starych s\u0142up\u00f3w szpec\u0105cych teren i uniemo\u017cliwiaj\u0105cych budow\u0119 nowego obiektu oraz zwi\u0119kszenie mocy przy\u0142\u0105czeniowej.<br><br>Wykonano r\u00f3wnie\u017c <strong>nowe przy\u0142\u0105cze wodne<\/strong> od wodoci\u0105gu gminnego.<br>Do nieruchomo\u015bci nie jest doprowadzony gaz i kanalizacja.<\/p>\n\n\n\n<p class=\"has-medium-font-size\">Teraz licznik znajduje si\u0119 obok bramy przy ogrodzeniu, a kabel przy\u0142\u0105czeniowy prowadzony jest w ziemi wzd\u0142u\u017c drogi asfaltowej Kutno \u2013 Opor\u00f3w:<\/p>\n\n\n\n<div class=\"wp-block-file\"><a id=\"wp-block-file--media-3a20acd2-f760-4230-864f-52c7c1d71190\" href=\"http:\/\/dwormnich.com\/wp-content\/uploads\/2023\/03\/NOWY-LICZNIK-1-scaled.jpg\" target=\"_blank\" rel=\"noreferrer noopener\"><img loading=\"lazy\" decoding=\"async\" width=\"150\" height=\"200\" class=\"wp-image-81\" style=\"width: 150px;\" src=\"http:\/\/dwormnich.com\/wp-content\/uploads\/2023\/03\/NOWY-LICZNIK-1-scaled.jpg\" alt=\"\" srcset=\"https:\/\/dwormnich.com\/wp-content\/uploads\/2023\/03\/NOWY-LICZNIK-1-scaled.jpg 1920w, https:\/\/dwormnich.com\/wp-content\/uploads\/2023\/03\/NOWY-LICZNIK-1-225x300.jpg 225w, https:\/\/dwormnich.com\/wp-content\/uploads\/2023\/03\/NOWY-LICZNIK-1-768x1024.jpg 768w, https:\/\/dwormnich.com\/wp-content\/uploads\/2023\/03\/NOWY-LICZNIK-1-1152x1536.jpg 1152w, https:\/\/dwormnich.com\/wp-content\/uploads\/2023\/03\/NOWY-LICZNIK-1-1536x2048.jpg 1536w\" sizes=\"auto, (max-width: 150px) 100vw, 150px\" \/><\/a><\/div>\n","protected":false},"excerpt":{"rendered":"<p>W roku 2020 wykonane zosta\u0142y dwa nowe przy\u0142\u0105cza energetyczne i wodne.Nowe przy\u0142\u0105cze energetyczne pozwoli\u0142o na usuni\u0119cie starych s\u0142up\u00f3w szpec\u0105cych teren i uniemo\u017cliwiaj\u0105cych budow\u0119 nowego obiektu oraz zwi\u0119kszenie mocy przy\u0142\u0105czeniowej. Wykonano r\u00f3wnie\u017c nowe przy\u0142\u0105cze wodne od wodoci\u0105gu gminnego.Do nieruchomo\u015bci nie jest doprowadzony gaz i kanalizacja. Teraz licznik znajduje si\u0119 obok bramy przy ogrodzeniu, a kabel przy\u0142\u0105czeniowy &hellip;<\/p>\n<p class=\"read-more\"> <a class=\"\" href=\"https:\/\/dwormnich.com\/?page_id=12\"> <span class=\"screen-reader-text\">Media<\/span> Read More &raquo;<\/a><\/p>\n","protected":false},"author":1,"featured_media":0,"parent":0,"menu_order":2,"comment_status":"closed","ping_status":"closed","template":"","meta":{"site-sidebar-layout":"default","site-content-layout":"default","ast-global-header-display":"","ast-main-header-display":"","ast-hfb-above-header-display":"","ast-hfb-below-header-display":"","ast-hfb-mobile-header-display":"","site-post-title":"","ast-breadcrumbs-content":"","ast-featured-img":"","footer-sml-layout":"","theme-transparent-header-meta":"","adv-header-id-meta":"","stick-header-meta":"","header-above-stick-meta":"","header-main-stick-meta":"","header-below-stick-meta":"","footnotes":""},"class_list":["post-12","page","type-page","status-publish","hentry"],"_links":{"self":[{"href":"https:\/\/dwormnich.com\/index.php?rest_route=\/wp\/v2\/pages\/12","targetHints":{"allow":["GET"]}}],"collection":[{"href":"https:\/\/dwormnich.com\/index.php?rest_route=\/wp\/v2\/pages"}],"about":[{"href":"https:\/\/dwormnich.com\/index.php?rest_route=\/wp\/v2\/types\/page"}],"author":[{"embeddable":true,"href":"https:\/\/dwormnich.com\/index.php?rest_route=\/wp\/v2\/users\/1"}],"replies":[{"embeddable":true,"href":"https:\/\/dwormnich.com\/index.php?rest_route=%2Fwp%2Fv2%2Fcomments&post=12"}],"version-history":[{"count":9,"href":"https:\/\/dwormnich.com\/index.php?rest_route=\/wp\/v2\/pages\/12\/revisions"}],"predecessor-version":[{"id":735,"href":"https:\/\/dwormnich.com\/index.php?rest_route=\/wp\/v2\/pages\/12\/revisions\/735"}],"wp:attachment":[{"href":"https:\/\/dwormnich.com\/index.php?rest_route=%2Fwp%2Fv2%2Fmedia&parent=12"}],"curies":[{"name":"wp","href":"https:\/\/api.w.org\/{rel}","templated":true}]}}