{"id":14,"date":"2023-03-05T18:22:38","date_gmt":"2023-03-05T17:22:38","guid":{"rendered":"http:\/\/dwormnich.com\/?page_id=14"},"modified":"2023-03-21T09:38:35","modified_gmt":"2023-03-21T08:38:35","slug":"nowy-apartamentowiec","status":"publish","type":"page","link":"https:\/\/dwormnich.com\/?page_id=14","title":{"rendered":"Nowy Apartamentowiec"},"content":{"rendered":"\n<p class=\"has-medium-font-size\">W roku 2019 Wojew\u00f3dzki Urz\u0105d Ochrony Zabytk\u00f3w w \u0141odzi ( WUOZ ) <strong>nie zaakceptowa\u0142 koncepcji inwestora <\/strong>polegaj\u0105cej na podniesieniu o jedn\u0105 kondygnacj\u0119 \u015brodkowej cz\u0119\u015bci budynku dworu oraz po\u0142\u0105czeniu budynku dworu z budynkiem powozowni.<br><br>W lipcu 2020 inwestor <strong>z\u0142o\u017cy\u0142 nowy projekt rozbudowy <\/strong>obiektu zak\u0142adaj\u0105cy przywr\u00f3cenie budynkom zabytkowym formy pierwotnej oraz wybudowanie nowego budynku b\u0119d\u0105cego apartamentowcem.<br><br>W dniu 30.09.2020 decyzj\u0105 numer WUOZ-ZN.5183.640.2020.M\u015a Wojew\u00f3dzki Urz\u0105d Ochrony Zabytk\u00f3w w \u0141odzi<strong> zaakceptowa\u0142 projekt inwestora.<\/strong><\/p>\n\n\n\n<div class=\"wp-block-file\"><a id=\"wp-block-file--media-23317e18-2085-4b62-a797-e6dc97d8d031\" href=\"http:\/\/dwormnich.com\/wp-content\/uploads\/2023\/03\/KONCEPCJA-Z-2019-NIEZAAKCEPTOWANA-PRZEZ-WUOZ.pdf\" target=\"_blank\" rel=\"noreferrer noopener\"><h5>2019 &#8211; Niezaakceptowana koncepcja przez WUOZ<\/h5><img loading=\"lazy\" decoding=\"async\" width=\"250\" height=\"111\" class=\"wp-image-460\" style=\"width: 250px;\" src=\"http:\/\/dwormnich.com\/wp-content\/uploads\/2023\/03\/obraz_2023-03-08_215420536.png\" alt=\"\" srcset=\"https:\/\/dwormnich.com\/wp-content\/uploads\/2023\/03\/obraz_2023-03-08_215420536.png 1036w, https:\/\/dwormnich.com\/wp-content\/uploads\/2023\/03\/obraz_2023-03-08_215420536-300x133.png 300w, https:\/\/dwormnich.com\/wp-content\/uploads\/2023\/03\/obraz_2023-03-08_215420536-1024x455.png 1024w, https:\/\/dwormnich.com\/wp-content\/uploads\/2023\/03\/obraz_2023-03-08_215420536-768x341.png 768w\" sizes=\"auto, (max-width: 250px) 100vw, 250px\" \/><\/a><\/div>\n\n\n\n<div class=\"wp-block-file\"><a id=\"wp-block-file--media-544896d5-c98d-4ee3-8d2b-ffc05bce2344\" href=\"http:\/\/dwormnich.com\/wp-content\/uploads\/2023\/03\/PROJEKT-NOWEJ-ZABUDOWY-ZAAKCEPTOWANY-PRZEZ-WUOZ.pdf\"><h5>Projekt nowej zabudowy zaakceptowanej przez WUOZ<\/h5><img loading=\"lazy\" decoding=\"async\" width=\"250\" height=\"182\" class=\"wp-image-461\" style=\"width: 250px;\" src=\"http:\/\/dwormnich.com\/wp-content\/uploads\/2023\/03\/obraz_2023-03-08_215515623.png\" alt=\"\" srcset=\"https:\/\/dwormnich.com\/wp-content\/uploads\/2023\/03\/obraz_2023-03-08_215515623.png 1043w, https:\/\/dwormnich.com\/wp-content\/uploads\/2023\/03\/obraz_2023-03-08_215515623-300x218.png 300w, https:\/\/dwormnich.com\/wp-content\/uploads\/2023\/03\/obraz_2023-03-08_215515623-1024x744.png 1024w, https:\/\/dwormnich.com\/wp-content\/uploads\/2023\/03\/obraz_2023-03-08_215515623-768x558.png 768w\" sizes=\"auto, (max-width: 250px) 100vw, 250px\" \/><\/a><\/div>\n\n\n\n<div class=\"wp-block-file\"><a id=\"wp-block-file--media-06d1cca1-cb75-449e-9640-b0d17a115eb1\" href=\"http:\/\/dwormnich.com\/wp-content\/uploads\/2023\/03\/1_akceptacja-koncepcji-nowego-budynku-Mnich.pdf\" target=\"_blank\" rel=\"noreferrer noopener\"><h5><h5>Akceptacja koncepcji nowego budynku przez WUOZ<\/h5><\/h5><img loading=\"lazy\" decoding=\"async\" width=\"200\" height=\"244\" class=\"wp-image-761\" style=\"width: 200px;\" src=\"http:\/\/dwormnich.com\/wp-content\/uploads\/2023\/03\/obraz_2023-03-20_145609402.png\" alt=\"\" srcset=\"https:\/\/dwormnich.com\/wp-content\/uploads\/2023\/03\/obraz_2023-03-20_145609402.png 750w, https:\/\/dwormnich.com\/wp-content\/uploads\/2023\/03\/obraz_2023-03-20_145609402-246x300.png 246w\" sizes=\"auto, (max-width: 200px) 100vw, 200px\" \/><\/a><\/div>\n\n\n\n<div class=\"wp-block-file\"><a id=\"wp-block-file--media-48751703-6575-45bd-9c5f-77f382fe574b\" href=\"http:\/\/dwormnich.com\/wp-content\/uploads\/2023\/03\/1_Postanowienie-WUOZ-z-dnia-30.09.2021-1.pdf\" target=\"_blank\" rel=\"noreferrer noopener\"><h5>Postanowienie WUOZ z dnia 30.09.2021<\/h5><img loading=\"lazy\" decoding=\"async\" width=\"200\" height=\"218\" class=\"wp-image-765\" style=\"width: 200px;\" src=\"http:\/\/dwormnich.com\/wp-content\/uploads\/2023\/03\/obraz_2023-03-21_093729408.png\" alt=\"\" srcset=\"https:\/\/dwormnich.com\/wp-content\/uploads\/2023\/03\/obraz_2023-03-21_093729408.png 811w, https:\/\/dwormnich.com\/wp-content\/uploads\/2023\/03\/obraz_2023-03-21_093729408-275x300.png 275w, https:\/\/dwormnich.com\/wp-content\/uploads\/2023\/03\/obraz_2023-03-21_093729408-768x838.png 768w\" sizes=\"auto, (max-width: 200px) 100vw, 200px\" \/><\/a><\/div>\n","protected":false},"excerpt":{"rendered":"<p>W roku 2019 Wojew\u00f3dzki Urz\u0105d Ochrony Zabytk\u00f3w w \u0141odzi ( WUOZ ) nie zaakceptowa\u0142 koncepcji inwestora polegaj\u0105cej na podniesieniu o jedn\u0105 kondygnacj\u0119 \u015brodkowej cz\u0119\u015bci budynku dworu oraz po\u0142\u0105czeniu budynku dworu z budynkiem powozowni. W lipcu 2020 inwestor z\u0142o\u017cy\u0142 nowy projekt rozbudowy obiektu zak\u0142adaj\u0105cy przywr\u00f3cenie budynkom zabytkowym formy pierwotnej oraz wybudowanie nowego budynku b\u0119d\u0105cego apartamentowcem. W &hellip;<\/p>\n<p class=\"read-more\"> <a class=\"\" href=\"https:\/\/dwormnich.com\/?page_id=14\"> <span class=\"screen-reader-text\">Nowy Apartamentowiec<\/span> Read More &raquo;<\/a><\/p>\n","protected":false},"author":1,"featured_media":0,"parent":0,"menu_order":3,"comment_status":"closed","ping_status":"closed","template":"","meta":{"site-sidebar-layout":"default","site-content-layout":"default","ast-global-header-display":"","ast-main-header-display":"","ast-hfb-above-header-display":"","ast-hfb-below-header-display":"","ast-hfb-mobile-header-display":"","site-post-title":"","ast-breadcrumbs-content":"","ast-featured-img":"","footer-sml-layout":"","theme-transparent-header-meta":"","adv-header-id-meta":"","stick-header-meta":"","header-above-stick-meta":"","header-main-stick-meta":"","header-below-stick-meta":"","footnotes":""},"class_list":["post-14","page","type-page","status-publish","hentry"],"_links":{"self":[{"href":"https:\/\/dwormnich.com\/index.php?rest_route=\/wp\/v2\/pages\/14","targetHints":{"allow":["GET"]}}],"collection":[{"href":"https:\/\/dwormnich.com\/index.php?rest_route=\/wp\/v2\/pages"}],"about":[{"href":"https:\/\/dwormnich.com\/index.php?rest_route=\/wp\/v2\/types\/page"}],"author":[{"embeddable":true,"href":"https:\/\/dwormnich.com\/index.php?rest_route=\/wp\/v2\/users\/1"}],"replies":[{"embeddable":true,"href":"https:\/\/dwormnich.com\/index.php?rest_route=%2Fwp%2Fv2%2Fcomments&post=14"}],"version-history":[{"count":29,"href":"https:\/\/dwormnich.com\/index.php?rest_route=\/wp\/v2\/pages\/14\/revisions"}],"predecessor-version":[{"id":766,"href":"https:\/\/dwormnich.com\/index.php?rest_route=\/wp\/v2\/pages\/14\/revisions\/766"}],"wp:attachment":[{"href":"https:\/\/dwormnich.com\/index.php?rest_route=%2Fwp%2Fv2%2Fmedia&parent=14"}],"curies":[{"name":"wp","href":"https:\/\/api.w.org\/{rel}","templated":true}]}}