{"id":20,"date":"2023-03-05T18:23:50","date_gmt":"2023-03-05T17:23:50","guid":{"rendered":"http:\/\/dwormnich.com\/?page_id=20"},"modified":"2023-03-20T13:51:23","modified_gmt":"2023-03-20T12:51:23","slug":"historia-dworu","status":"publish","type":"page","link":"https:\/\/dwormnich.com\/?page_id=20","title":{"rendered":"Historia dworu"},"content":{"rendered":"\n<div style=\"height:45px\" aria-hidden=\"true\" class=\"wp-block-spacer\"><\/div>\n\n\n<h3 style=\"text-align: center;\">Historia dworu<\/h3>\n<p style=\"text-align: center;\"><strong>Histori\u0119 nieruchomo\u015bci szczeg\u00f3\u0142owo opisuje opracowanie z Lipca 2020 roku. <\/strong><\/p>\n\n\n<div data-wp-interactive=\"core\/file\" class=\"wp-block-file\"><object data-wp-bind--hidden=\"!state.hasPdfPreview\" hidden class=\"wp-block-file__embed\" data=\"http:\/\/dwormnich.com\/wp-content\/uploads\/2023\/03\/1_Mnich_zespol_historia-wersja2.pdf\" type=\"application\/pdf\" style=\"width:100%;height:950px\" aria-label=\"Osadzony PDF\"><\/object><\/div>\n\n\n\n<p style=\"margin-top:0;margin-right:var(--wp--preset--spacing--80);margin-bottom:0;margin-left:0\"><\/p>\n\n\n\n<div class=\"wp-block-file\"><a href=\"http:\/\/dwormnich.com\/wp-content\/uploads\/2023\/03\/1_Mnich_zespol_historia-wersja2-1.pdf\" class=\"wp-block-file__button wp-element-button\" download><center>Pobierz<\/center><\/a><\/div>\n","protected":false},"excerpt":{"rendered":"<p>Historia dworu Histori\u0119 nieruchomo\u015bci szczeg\u00f3\u0142owo opisuje opracowanie z Lipca 2020 roku.<\/p>\n","protected":false},"author":1,"featured_media":0,"parent":0,"menu_order":6,"comment_status":"closed","ping_status":"closed","template":"","meta":{"site-sidebar-layout":"no-sidebar","site-content-layout":"page-builder","ast-global-header-display":"","ast-main-header-display":"","ast-hfb-above-header-display":"","ast-hfb-below-header-display":"","ast-hfb-mobile-header-display":"","site-post-title":"disabled","ast-breadcrumbs-content":"","ast-featured-img":"disabled","footer-sml-layout":"","theme-transparent-header-meta":"","adv-header-id-meta":"","stick-header-meta":"","header-above-stick-meta":"","header-main-stick-meta":"","header-below-stick-meta":"","footnotes":""},"class_list":["post-20","page","type-page","status-publish","hentry"],"_links":{"self":[{"href":"https:\/\/dwormnich.com\/index.php?rest_route=\/wp\/v2\/pages\/20","targetHints":{"allow":["GET"]}}],"collection":[{"href":"https:\/\/dwormnich.com\/index.php?rest_route=\/wp\/v2\/pages"}],"about":[{"href":"https:\/\/dwormnich.com\/index.php?rest_route=\/wp\/v2\/types\/page"}],"author":[{"embeddable":true,"href":"https:\/\/dwormnich.com\/index.php?rest_route=\/wp\/v2\/users\/1"}],"replies":[{"embeddable":true,"href":"https:\/\/dwormnich.com\/index.php?rest_route=%2Fwp%2Fv2%2Fcomments&post=20"}],"version-history":[{"count":59,"href":"https:\/\/dwormnich.com\/index.php?rest_route=\/wp\/v2\/pages\/20\/revisions"}],"predecessor-version":[{"id":759,"href":"https:\/\/dwormnich.com\/index.php?rest_route=\/wp\/v2\/pages\/20\/revisions\/759"}],"wp:attachment":[{"href":"https:\/\/dwormnich.com\/index.php?rest_route=%2Fwp%2Fv2%2Fmedia&parent=20"}],"curies":[{"name":"wp","href":"https:\/\/api.w.org\/{rel}","templated":true}]}}