{"id":8,"date":"2023-03-05T18:21:03","date_gmt":"2023-03-05T17:21:03","guid":{"rendered":"http:\/\/dwormnich.com\/?page_id=8"},"modified":"2023-03-17T11:11:39","modified_gmt":"2023-03-17T10:11:39","slug":"lokalizacja-i-dojazd","status":"publish","type":"page","link":"https:\/\/dwormnich.com\/","title":{"rendered":"Lokalizacja i dojazd"},"content":{"rendered":"\t\t<div data-elementor-type=\"wp-page\" data-elementor-id=\"8\" class=\"elementor elementor-8\">\n\t\t\t\t\t\t\t\t\t<section class=\"elementor-section elementor-top-section elementor-element elementor-element-3ab2eeb elementor-section-full_width elementor-section-stretched elementor-section-height-default elementor-section-height-default\" data-id=\"3ab2eeb\" data-element_type=\"section\" data-settings=\"{&quot;stretch_section&quot;:&quot;section-stretched&quot;}\">\n\t\t\t\t\t\t<div class=\"elementor-container elementor-column-gap-custom\">\n\t\t\t\t\t<div class=\"elementor-column elementor-col-100 elementor-top-column elementor-element elementor-element-d637194\" data-id=\"d637194\" data-element_type=\"column\">\n\t\t\t<div class=\"elementor-widget-wrap elementor-element-populated\">\n\t\t\t\t\t\t\t\t<div class=\"elementor-element elementor-element-9b3fbe5 elementor-widget elementor-widget-image\" data-id=\"9b3fbe5\" data-element_type=\"widget\" data-widget_type=\"image.default\">\n\t\t\t\t<div class=\"elementor-widget-container\">\n\t\t\t<style>\/*! elementor - v3.11.3 - 07-03-2023 *\/\n.elementor-widget-image{text-align:center}.elementor-widget-image a{display:inline-block}.elementor-widget-image a img[src$=\".svg\"]{width:48px}.elementor-widget-image img{vertical-align:middle;display:inline-block}<\/style>\t\t\t\t\t\t\t\t\t\t\t\t<img loading=\"lazy\" decoding=\"async\" width=\"1921\" height=\"521\" src=\"https:\/\/dwormnich.com\/wp-content\/uploads\/2023\/03\/TLO.png\" class=\"attachment-full size-full wp-image-680\" alt=\"\" srcset=\"https:\/\/dwormnich.com\/wp-content\/uploads\/2023\/03\/TLO.png 1921w, https:\/\/dwormnich.com\/wp-content\/uploads\/2023\/03\/TLO-300x81.png 300w, https:\/\/dwormnich.com\/wp-content\/uploads\/2023\/03\/TLO-1024x278.png 1024w, https:\/\/dwormnich.com\/wp-content\/uploads\/2023\/03\/TLO-768x208.png 768w, https:\/\/dwormnich.com\/wp-content\/uploads\/2023\/03\/TLO-1536x417.png 1536w\" sizes=\"auto, (max-width: 1921px) 100vw, 1921px\" \/>\t\t\t\t\t\t\t\t\t\t\t\t\t\t\t<\/div>\n\t\t\t\t<\/div>\n\t\t\t\t\t<\/div>\n\t\t<\/div>\n\t\t\t\t\t\t\t<\/div>\n\t\t<\/section>\n\t\t\t\t<section class=\"elementor-section elementor-top-section elementor-element elementor-element-654c124 elementor-section-boxed elementor-section-height-default elementor-section-height-default\" data-id=\"654c124\" data-element_type=\"section\">\n\t\t\t\t\t\t<div class=\"elementor-container elementor-column-gap-default\">\n\t\t\t\t\t<div class=\"elementor-column elementor-col-33 elementor-top-column elementor-element elementor-element-dbe8d84\" data-id=\"dbe8d84\" data-element_type=\"column\">\n\t\t\t<div class=\"elementor-widget-wrap elementor-element-populated\">\n\t\t\t\t\t\t\t\t<div class=\"elementor-element elementor-element-a6fe179 elementor-widget elementor-widget-image\" data-id=\"a6fe179\" data-element_type=\"widget\" data-widget_type=\"image.default\">\n\t\t\t\t<div class=\"elementor-widget-container\">\n\t\t\t\t\t\t\t\t\t\t\t\t\t\t\t<img loading=\"lazy\" decoding=\"async\" width=\"980\" height=\"521\" src=\"https:\/\/dwormnich.com\/wp-content\/uploads\/2023\/03\/bg_male_Obszar-roboczy-1.png\" class=\"attachment-1536x1536 size-1536x1536 wp-image-561\" alt=\"\" srcset=\"https:\/\/dwormnich.com\/wp-content\/uploads\/2023\/03\/bg_male_Obszar-roboczy-1.png 980w, https:\/\/dwormnich.com\/wp-content\/uploads\/2023\/03\/bg_male_Obszar-roboczy-1-300x159.png 300w, https:\/\/dwormnich.com\/wp-content\/uploads\/2023\/03\/bg_male_Obszar-roboczy-1-768x408.png 768w\" sizes=\"auto, (max-width: 980px) 100vw, 980px\" \/>\t\t\t\t\t\t\t\t\t\t\t\t\t\t\t<\/div>\n\t\t\t\t<\/div>\n\t\t\t\t\t<\/div>\n\t\t<\/div>\n\t\t\t\t<div class=\"elementor-column elementor-col-33 elementor-top-column elementor-element elementor-element-6ebe6b8\" data-id=\"6ebe6b8\" data-element_type=\"column\">\n\t\t\t<div class=\"elementor-widget-wrap elementor-element-populated\">\n\t\t\t\t\t\t\t\t<div class=\"elementor-element elementor-element-dda41cc elementor-widget elementor-widget-image\" data-id=\"dda41cc\" data-element_type=\"widget\" data-widget_type=\"image.default\">\n\t\t\t\t<div class=\"elementor-widget-container\">\n\t\t\t\t\t\t\t\t\t\t\t\t\t\t\t<img loading=\"lazy\" decoding=\"async\" width=\"980\" height=\"521\" src=\"https:\/\/dwormnich.com\/wp-content\/uploads\/2023\/03\/bg_male_Obszar-roboczy-1-kopia.png\" class=\"attachment-large size-large wp-image-562\" alt=\"\" srcset=\"https:\/\/dwormnich.com\/wp-content\/uploads\/2023\/03\/bg_male_Obszar-roboczy-1-kopia.png 980w, https:\/\/dwormnich.com\/wp-content\/uploads\/2023\/03\/bg_male_Obszar-roboczy-1-kopia-300x159.png 300w, https:\/\/dwormnich.com\/wp-content\/uploads\/2023\/03\/bg_male_Obszar-roboczy-1-kopia-768x408.png 768w\" sizes=\"auto, (max-width: 980px) 100vw, 980px\" \/>\t\t\t\t\t\t\t\t\t\t\t\t\t\t\t<\/div>\n\t\t\t\t<\/div>\n\t\t\t\t\t<\/div>\n\t\t<\/div>\n\t\t\t\t<div class=\"elementor-column elementor-col-33 elementor-top-column elementor-element elementor-element-6cdc1a0\" data-id=\"6cdc1a0\" data-element_type=\"column\">\n\t\t\t<div class=\"elementor-widget-wrap elementor-element-populated\">\n\t\t\t\t\t\t\t\t<div class=\"elementor-element elementor-element-525f5c2 elementor-widget elementor-widget-image\" data-id=\"525f5c2\" data-element_type=\"widget\" data-widget_type=\"image.default\">\n\t\t\t\t<div class=\"elementor-widget-container\">\n\t\t\t\t\t\t\t\t\t\t\t\t\t\t\t<img loading=\"lazy\" decoding=\"async\" width=\"980\" height=\"520\" src=\"https:\/\/dwormnich.com\/wp-content\/uploads\/2023\/03\/bg_male_Obszar-roboczy-1-kopia-01.png\" class=\"attachment-large size-large wp-image-642\" alt=\"\" srcset=\"https:\/\/dwormnich.com\/wp-content\/uploads\/2023\/03\/bg_male_Obszar-roboczy-1-kopia-01.png 980w, https:\/\/dwormnich.com\/wp-content\/uploads\/2023\/03\/bg_male_Obszar-roboczy-1-kopia-01-300x159.png 300w, https:\/\/dwormnich.com\/wp-content\/uploads\/2023\/03\/bg_male_Obszar-roboczy-1-kopia-01-768x408.png 768w\" sizes=\"auto, (max-width: 980px) 100vw, 980px\" \/>\t\t\t\t\t\t\t\t\t\t\t\t\t\t\t<\/div>\n\t\t\t\t<\/div>\n\t\t\t\t\t<\/div>\n\t\t<\/div>\n\t\t\t\t\t\t\t<\/div>\n\t\t<\/section>\n\t\t\t\t<section class=\"elementor-section elementor-top-section elementor-element elementor-element-442c500b elementor-section-boxed elementor-section-height-default elementor-section-height-default\" data-id=\"442c500b\" data-element_type=\"section\">\n\t\t\t\t\t\t<div class=\"elementor-container elementor-column-gap-default\">\n\t\t\t\t\t<div class=\"elementor-column elementor-col-100 elementor-top-column elementor-element elementor-element-19cbb0d0\" data-id=\"19cbb0d0\" data-element_type=\"column\">\n\t\t\t<div class=\"elementor-widget-wrap elementor-element-populated\">\n\t\t\t\t\t\t\t\t<div class=\"elementor-element elementor-element-b7f12ce elementor-widget elementor-widget-text-editor\" data-id=\"b7f12ce\" data-element_type=\"widget\" data-widget_type=\"text-editor.default\">\n\t\t\t\t<div class=\"elementor-widget-container\">\n\t\t\t<style>\/*! elementor - v3.11.3 - 07-03-2023 *\/\n.elementor-widget-text-editor.elementor-drop-cap-view-stacked .elementor-drop-cap{background-color:#818a91;color:#fff}.elementor-widget-text-editor.elementor-drop-cap-view-framed .elementor-drop-cap{color:#818a91;border:3px solid;background-color:transparent}.elementor-widget-text-editor:not(.elementor-drop-cap-view-default) .elementor-drop-cap{margin-top:8px}.elementor-widget-text-editor:not(.elementor-drop-cap-view-default) .elementor-drop-cap-letter{width:1em;height:1em}.elementor-widget-text-editor .elementor-drop-cap{float:left;text-align:center;line-height:1;font-size:50px}.elementor-widget-text-editor .elementor-drop-cap-letter{display:inline-block}<\/style>\t\t\t\t<p><h2>Lokalizacja i dojazd<\/h2><\/p>\t\t\t\t\t\t<\/div>\n\t\t\t\t<\/div>\n\t\t\t\t<div class=\"elementor-element elementor-element-67166ce0 elementor-widget elementor-widget-text-editor\" data-id=\"67166ce0\" data-element_type=\"widget\" data-widget_type=\"text-editor.default\">\n\t\t\t\t<div class=\"elementor-widget-container\">\n\t\t\t\t\t\t\t<p><!-- wp:html --><br><iframe src=\"https:\/\/www.google.com\/maps\/embed?pb=!1m18!1m12!1m3!1d78156.59740158833!2d19.340898316406243!3d52.25439599999998!2m3!1f0!2f0!3f0!3m2!1i1024!2i768!4f13.1!3m3!1m2!1s0x471b91bbd876ff8b%3A0x884427ad0b499248!2sDw%C3%B3r%20z%20XIX%20w.!5e0!3m2!1spl!2spl!4v1678037841264!5m2!1spl!2spl\" width=\"1200\" height=\"400\" style=\"border:0;\" allowfullscreen=\"\" loading=\"lazy\" referrerpolicy=\"no-referrer-when-downgrade\"><\/iframe><br><!-- \/wp:html --><\/p>\n<p><!-- wp:paragraph --><\/p>\n<p><!-- \/wp:paragraph --><\/p>\n<p><!-- wp:paragraph --><\/p>\n<p><!-- \/wp:paragraph --><\/p>\n<p><!-- wp:paragraph {\"fontSize\":\"medium\"} --><\/p>\n<p class=\"has-medium-font-size\"><strong>Miejscowo\u015b\u0107 Mnich (potocznie Mnich Szko\u0142a)<\/strong>&nbsp;<strong>po\u0142o\u017cona jest w wojew\u00f3dztwie \u0142\u00f3dzkim, gmina Opor\u00f3w,&nbsp;<\/strong><strong>powiat kutnowski, w nast\u0119puj\u0105cych odleg\u0142o\u015bciach od:&nbsp;<\/strong><\/p>\n<p><!-- \/wp:paragraph --><\/p>\n<p><!-- wp:paragraph --><\/p>\n<p>&#8211; 7,6 km od zjazdu z autostrady A1 ( Kutno Po\u0142udnie )&nbsp;<\/p>\n<p><!-- \/wp:paragraph --><\/p>\n<p><!-- wp:paragraph --><\/p>\n<p>&#8211; 3,1 km od granicy \u0141\u00f3dzkiej Specjalnej Strefy Ekonomicznej&nbsp;<\/p>\n<p><!-- \/wp:paragraph --><\/p>\n<p><!-- wp:paragraph --><\/p>\n<p>&#8211; 9,8 km od dworca PKP Kutno (poci\u0105gi Warszawa \u2013 Pozna\u0144 kursuj\u0105 co godzin\u0119)&nbsp;<\/p>\n<p><!-- \/wp:paragraph --><\/p>\n<p><!-- wp:paragraph --><\/p>\n<p>&#8211; 155 km od Warszawy, jad\u0105c do Strykowa A2 , a potem A1<\/p>\n<p><!-- \/wp:paragraph --><\/p>\n<p><!-- wp:paragraph --><\/p>\n<p>&#8211; 196 km od Poznania, jad\u0105c do Strykowa A2 , a potem A1&nbsp;<\/p>\n<p><!-- \/wp:paragraph --><\/p>\n<p><!-- wp:paragraph --><\/p>\n<p>&#8211; 78 km od \u0141odzi jad\u0105c A1&nbsp;<\/p>\n<p><!-- \/wp:paragraph --><\/p>\n<p><!-- wp:paragraph {\"align\":\"center\"} --><\/p>\n<p class=\"has-text-align-center\">Podstrefa Kutno \u0141\u00f3dzkiej Specialnej Strefy Ekonomicznej<\/p>\n<p><!-- \/wp:paragraph --><\/p>\n<p><!-- wp:image {\"id\":50,\"sizeSlug\":\"large\",\"linkDestination\":\"none\"} --><\/p>\n<figure class=\"wp-block-image size-large\"><img loading=\"lazy\" decoding=\"async\" width=\"1024\" height=\"671\" src=\"http:\/\/dwormnich.com\/wp-content\/uploads\/2023\/03\/Podstrefa-Kutno-Lodzkiej-Specialnej-Strefy-Ekonomicznej-1024x671.jpg\" alt=\"\" class=\"wp-image-50\" srcset=\"https:\/\/dwormnich.com\/wp-content\/uploads\/2023\/03\/Podstrefa-Kutno-Lodzkiej-Specialnej-Strefy-Ekonomicznej-1024x671.jpg 1024w, https:\/\/dwormnich.com\/wp-content\/uploads\/2023\/03\/Podstrefa-Kutno-Lodzkiej-Specialnej-Strefy-Ekonomicznej-300x196.jpg 300w, https:\/\/dwormnich.com\/wp-content\/uploads\/2023\/03\/Podstrefa-Kutno-Lodzkiej-Specialnej-Strefy-Ekonomicznej-768x503.jpg 768w, https:\/\/dwormnich.com\/wp-content\/uploads\/2023\/03\/Podstrefa-Kutno-Lodzkiej-Specialnej-Strefy-Ekonomicznej-1536x1006.jpg 1536w, https:\/\/dwormnich.com\/wp-content\/uploads\/2023\/03\/Podstrefa-Kutno-Lodzkiej-Specialnej-Strefy-Ekonomicznej-2048x1341.jpg 2048w\" sizes=\"auto, (max-width: 1024px) 100vw, 1024px\" \/><\/figure>\n<p><!-- \/wp:image --><\/p>\t\t\t\t\t\t<\/div>\n\t\t\t\t<\/div>\n\t\t\t\t\t<\/div>\n\t\t<\/div>\n\t\t\t\t\t\t\t<\/div>\n\t\t<\/section>\n\t\t\t\t\t\t\t<\/div>\n\t\t","protected":false},"excerpt":{"rendered":"<p>Lokalizacja i dojazd Miejscowo\u015b\u0107 Mnich (potocznie Mnich Szko\u0142a)&nbsp;po\u0142o\u017cona jest w wojew\u00f3dztwie \u0142\u00f3dzkim, gmina Opor\u00f3w,&nbsp;powiat kutnowski, w nast\u0119puj\u0105cych odleg\u0142o\u015bciach od:&nbsp; &#8211; 7,6 km od zjazdu z autostrady A1 ( Kutno Po\u0142udnie )&nbsp; &#8211; 3,1 km od granicy \u0141\u00f3dzkiej Specjalnej Strefy Ekonomicznej&nbsp; &#8211; 9,8 km od dworca PKP Kutno (poci\u0105gi Warszawa \u2013 Pozna\u0144 kursuj\u0105 co godzin\u0119)&nbsp; &#8211; &hellip;<\/p>\n<p class=\"read-more\"> <a class=\"\" href=\"https:\/\/dwormnich.com\/\"> <span class=\"screen-reader-text\">Lokalizacja i dojazd<\/span> Read More &raquo;<\/a><\/p>\n","protected":false},"author":1,"featured_media":0,"parent":0,"menu_order":0,"comment_status":"closed","ping_status":"closed","template":"","meta":{"site-sidebar-layout":"default","site-content-layout":"default","ast-global-header-display":"","ast-main-header-display":"","ast-hfb-above-header-display":"","ast-hfb-below-header-display":"","ast-hfb-mobile-header-display":"","site-post-title":"disabled","ast-breadcrumbs-content":"","ast-featured-img":"","footer-sml-layout":"","theme-transparent-header-meta":"","adv-header-id-meta":"","stick-header-meta":"","header-above-stick-meta":"","header-main-stick-meta":"","header-below-stick-meta":"","footnotes":""},"class_list":["post-8","page","type-page","status-publish","hentry"],"_links":{"self":[{"href":"https:\/\/dwormnich.com\/index.php?rest_route=\/wp\/v2\/pages\/8","targetHints":{"allow":["GET"]}}],"collection":[{"href":"https:\/\/dwormnich.com\/index.php?rest_route=\/wp\/v2\/pages"}],"about":[{"href":"https:\/\/dwormnich.com\/index.php?rest_route=\/wp\/v2\/types\/page"}],"author":[{"embeddable":true,"href":"https:\/\/dwormnich.com\/index.php?rest_route=\/wp\/v2\/users\/1"}],"replies":[{"embeddable":true,"href":"https:\/\/dwormnich.com\/index.php?rest_route=%2Fwp%2Fv2%2Fcomments&post=8"}],"version-history":[{"count":42,"href":"https:\/\/dwormnich.com\/index.php?rest_route=\/wp\/v2\/pages\/8\/revisions"}],"predecessor-version":[{"id":729,"href":"https:\/\/dwormnich.com\/index.php?rest_route=\/wp\/v2\/pages\/8\/revisions\/729"}],"wp:attachment":[{"href":"https:\/\/dwormnich.com\/index.php?rest_route=%2Fwp%2Fv2%2Fmedia&parent=8"}],"curies":[{"name":"wp","href":"https:\/\/api.w.org\/{rel}","templated":true}]}}